{"id":341,"date":"2022-01-31T07:54:55","date_gmt":"2022-01-31T07:54:55","guid":{"rendered":"https:\/\/www.teaterspira.se\/?page_id=341"},"modified":"2022-01-31T07:54:55","modified_gmt":"2022-01-31T07:54:55","slug":"varsel","status":"publish","type":"page","link":"https:\/\/www.teaterspira.se\/en\/varsel\/","title":{"rendered":"Varsel"},"content":{"rendered":"<div  class=\"lgc-column lgc-grid-parent lgc-grid-100 lgc-tablet-grid-100 lgc-mobile-grid-100 lgc-equal-heights \"><div  class=\"inside-grid-column\">\n<style>.embed-container { position: relative; padding-bottom: 56.25%; height: 0; overflow: hidden; max-width: 100%; } .embed-container iframe, .embed-container object, .embed-container embed { position: absolute; top: 0; left: 0; width: 100%; height: 100%; }<\/style>\n<div class='embed-container'><iframe src='https:\/\/player.vimeo.com\/video\/670297538' frameborder='0' webkitAllowFullScreen mozallowfullscreen allowFullScreen><\/iframe><\/div>\n<p><\/p><\/div><\/div>\n<div  class=\"lgc-column lgc-grid-parent lgc-grid-75 lgc-tablet-grid-100 lgc-mobile-grid-100 lgc-equal-heights \"><div  class=\"inside-grid-column\">\n<h1>Varsel<\/h1>\n<p>Skriven tillsammans med Volvomont\u00f6rer. Teater Spira, g\u00e4stspel p\u00e5 Folkteatern<\/p>\n<p><\/p><\/div><\/div>\n<div  class=\"lgc-column lgc-grid-parent lgc-grid-25 lgc-tablet-grid-100 lgc-mobile-grid-100 lgc-equal-heights \"><div  class=\"inside-grid-column\">\n<h2>MEDVERKANDE<\/h2>\n<p>P\u00e5 scen: Magnus \u00d6stman och Jonas Fr\u00f6berg<br \/>\nRegi: Robert Bolin<br \/>\nFilmare: Fansu Njie<br \/>\n<\/p><\/div><\/div>\n","protected":false},"excerpt":{"rendered":"","protected":false},"author":1,"featured_media":0,"parent":0,"menu_order":0,"comment_status":"closed","ping_status":"closed","template":"","meta":[],"yoast_head":"<!-- This site is optimized with the Yoast SEO plugin v18.1 - https:\/\/yoast.com\/wordpress\/plugins\/seo\/ -->\n<meta name=\"robots\" content=\"index, follow, max-snippet:-1, max-image-preview:large, max-video-preview:-1\" \/>\n<link rel=\"canonical\" href=\"https:\/\/www.teaterspira.se\/varsel\/\" \/>\n<meta property=\"og:locale\" content=\"en_US\" \/>\n<meta property=\"og:type\" content=\"article\" \/>\n<meta property=\"og:title\" content=\"Varsel - Teater Spira\" \/>\n<meta property=\"og:url\" content=\"https:\/\/www.teaterspira.se\/varsel\/\" \/>\n<meta property=\"og:site_name\" content=\"Teater Spira\" \/>\n<meta name=\"twitter:card\" content=\"summary_large_image\" \/>\n<script type=\"application\/ld+json\" class=\"yoast-schema-graph\">{\"@context\":\"https:\/\/schema.org\",\"@graph\":[{\"@type\":\"WebSite\",\"@id\":\"https:\/\/www.teaterspira.se\/#website\",\"url\":\"https:\/\/www.teaterspira.se\/\",\"name\":\"Teater Spira\",\"description\":\"\",\"potentialAction\":[{\"@type\":\"SearchAction\",\"target\":{\"@type\":\"EntryPoint\",\"urlTemplate\":\"https:\/\/www.teaterspira.se\/?s={search_term_string}\"},\"query-input\":\"required name=search_term_string\"}],\"inLanguage\":\"en-US\"},{\"@type\":\"WebPage\",\"@id\":\"https:\/\/www.teaterspira.se\/varsel\/#webpage\",\"url\":\"https:\/\/www.teaterspira.se\/varsel\/\",\"name\":\"Varsel - Teater Spira\",\"isPartOf\":{\"@id\":\"https:\/\/www.teaterspira.se\/#website\"},\"datePublished\":\"2022-01-31T07:54:55+00:00\",\"dateModified\":\"2022-01-31T07:54:55+00:00\",\"breadcrumb\":{\"@id\":\"https:\/\/www.teaterspira.se\/varsel\/#breadcrumb\"},\"inLanguage\":\"en-US\",\"potentialAction\":[{\"@type\":\"ReadAction\",\"target\":[\"https:\/\/www.teaterspira.se\/varsel\/\"]}]},{\"@type\":\"BreadcrumbList\",\"@id\":\"https:\/\/www.teaterspira.se\/varsel\/#breadcrumb\",\"itemListElement\":[{\"@type\":\"ListItem\",\"position\":1,\"name\":\"Hem\",\"item\":\"https:\/\/www.teaterspira.se\/\"},{\"@type\":\"ListItem\",\"position\":2,\"name\":\"Varsel\"}]}]}<\/script>\n<!-- \/ Yoast SEO plugin. -->","yoast_head_json":{"robots":{"index":"index","follow":"follow","max-snippet":"max-snippet:-1","max-image-preview":"max-image-preview:large","max-video-preview":"max-video-preview:-1"},"canonical":"https:\/\/www.teaterspira.se\/varsel\/","og_locale":"en_US","og_type":"article","og_title":"Varsel - Teater Spira","og_url":"https:\/\/www.teaterspira.se\/varsel\/","og_site_name":"Teater Spira","twitter_card":"summary_large_image","schema":{"@context":"https:\/\/schema.org","@graph":[{"@type":"WebSite","@id":"https:\/\/www.teaterspira.se\/#website","url":"https:\/\/www.teaterspira.se\/","name":"Teater Spira","description":"","potentialAction":[{"@type":"SearchAction","target":{"@type":"EntryPoint","urlTemplate":"https:\/\/www.teaterspira.se\/?s={search_term_string}"},"query-input":"required name=search_term_string"}],"inLanguage":"en-US"},{"@type":"WebPage","@id":"https:\/\/www.teaterspira.se\/varsel\/#webpage","url":"https:\/\/www.teaterspira.se\/varsel\/","name":"Varsel - Teater Spira","isPartOf":{"@id":"https:\/\/www.teaterspira.se\/#website"},"datePublished":"2022-01-31T07:54:55+00:00","dateModified":"2022-01-31T07:54:55+00:00","breadcrumb":{"@id":"https:\/\/www.teaterspira.se\/varsel\/#breadcrumb"},"inLanguage":"en-US","potentialAction":[{"@type":"ReadAction","target":["https:\/\/www.teaterspira.se\/varsel\/"]}]},{"@type":"BreadcrumbList","@id":"https:\/\/www.teaterspira.se\/varsel\/#breadcrumb","itemListElement":[{"@type":"ListItem","position":1,"name":"Hem","item":"https:\/\/www.teaterspira.se\/"},{"@type":"ListItem","position":2,"name":"Varsel"}]}]}},"_links":{"self":[{"href":"https:\/\/www.teaterspira.se\/en\/wp-json\/wp\/v2\/pages\/341"}],"collection":[{"href":"https:\/\/www.teaterspira.se\/en\/wp-json\/wp\/v2\/pages"}],"about":[{"href":"https:\/\/www.teaterspira.se\/en\/wp-json\/wp\/v2\/types\/page"}],"author":[{"embeddable":true,"href":"https:\/\/www.teaterspira.se\/en\/wp-json\/wp\/v2\/users\/1"}],"replies":[{"embeddable":true,"href":"https:\/\/www.teaterspira.se\/en\/wp-json\/wp\/v2\/comments?post=341"}],"version-history":[{"count":1,"href":"https:\/\/www.teaterspira.se\/en\/wp-json\/wp\/v2\/pages\/341\/revisions"}],"predecessor-version":[{"id":342,"href":"https:\/\/www.teaterspira.se\/en\/wp-json\/wp\/v2\/pages\/341\/revisions\/342"}],"wp:attachment":[{"href":"https:\/\/www.teaterspira.se\/en\/wp-json\/wp\/v2\/media?parent=341"}],"curies":[{"name":"wp","href":"https:\/\/api.w.org\/{rel}","templated":true}]}}